{"id":12676,"date":"2023-01-29T14:11:37","date_gmt":"2023-01-29T13:11:37","guid":{"rendered":"https:\/\/asiensupermarket.com\/?page_id=12676"},"modified":"2023-01-31T15:05:43","modified_gmt":"2023-01-31T14:05:43","slug":"member","status":"publish","type":"page","link":"https:\/\/asiensupermarket.com\/sv\/member\/","title":{"rendered":"Medlem"},"content":{"rendered":"<div data-elementor-type=\"wp-page\" data-elementor-id=\"12676\" class=\"elementor elementor-12676\" data-elementor-post-type=\"page\">\n\t\t\t\t\t\t<section class=\"wd-negative-gap elementor-section elementor-top-section elementor-element elementor-element-c6a11e5 wd-section-stretch-content elementor-section-boxed elementor-section-height-default elementor-section-height-default\" data-id=\"c6a11e5\" data-element_type=\"section\" data-settings=\"{&quot;background_background&quot;:&quot;classic&quot;}\">\n\t\t\t\t\t\t\t<div class=\"elementor-background-overlay\"><\/div>\n\t\t\t\t\t\t\t<div class=\"elementor-container elementor-column-gap-default\">\n\t\t\t\t\t<div class=\"elementor-column elementor-col-100 elementor-top-column elementor-element elementor-element-f096d52\" data-id=\"f096d52\" data-element_type=\"column\">\n\t\t\t<div class=\"elementor-widget-wrap elementor-element-populated\">\n\t\t\t\t\t\t<div class=\"elementor-element elementor-element-55011fb wd-width-100 elementor-widget elementor-widget-wd_title\" data-id=\"55011fb\" data-element_type=\"widget\" data-widget_type=\"wd_title.default\">\n\t\t\t\t<div class=\"elementor-widget-container\">\n\t\t\t\t\t\t\t<div class=\"title-wrapper wd-set-mb reset-last-child wd-title-color-white wd-title-style-default wd-title-size-default text-center\">\n\n\t\t\t\n\t\t\t<div class=\"liner-continer\">\n\t\t\t\t<h1 class=\"woodmart-title-container title wd-fontsize-l\">Join Become a member with us Today. Get a 10% Discount on your First Order.<\/h1> \n\t\t\t\t\t\t\t<\/div>\n\n\t\t\t\t\t\t\t<div class=\"title-after_title reset-last-child wd-fontsize-xs\">\n\t\t\t\t\t<p>Subscribe for the latest updates, new products, and giveaways<\/p>\t\t\t\t<\/div>\n\t\t\t\t\t<\/div>\n\t\t\t\t\t\t<\/div>\n\t\t\t\t<\/div>\n\t\t\t\t<section class=\"wd-negative-gap elementor-section elementor-inner-section elementor-element elementor-element-ba31df1 elementor-section-boxed elementor-section-height-default elementor-section-height-default\" data-id=\"ba31df1\" data-element_type=\"section\">\n\t\t\t\t\t\t<div class=\"elementor-container elementor-column-gap-extended\">\n\t\t\t\t\t<div class=\"elementor-column elementor-col-100 elementor-inner-column elementor-element elementor-element-db29fc3\" data-id=\"db29fc3\" data-element_type=\"column\">\n\t\t\t<div class=\"elementor-widget-wrap elementor-element-populated\">\n\t\t\t\t\t\t<div class=\"elementor-element elementor-element-f3ed61a elementor-widget elementor-widget-wd_image_or_svg\" data-id=\"f3ed61a\" data-element_type=\"widget\" data-widget_type=\"wd_image_or_svg.default\">\n\t\t\t\t<div class=\"elementor-widget-container\">\n\t\t\t\t\t\n\t\t<div class=\"wd-image text-center\">\n\t\t\t\t\t\t\t\t<img loading=\"lazy\" decoding=\"async\" width=\"343\" height=\"300\" src=\"https:\/\/asiensupermarket.com\/wp-content\/uploads\/2023\/01\/offer10-343x300.jpg\" class=\"attachment-medium size-medium\" alt=\"\" srcset=\"https:\/\/asiensupermarket.com\/wp-content\/uploads\/2023\/01\/offer10-343x300.jpg 343w, https:\/\/asiensupermarket.com\/wp-content\/uploads\/2023\/01\/offer10-768x672.jpg 768w, https:\/\/asiensupermarket.com\/wp-content\/uploads\/2023\/01\/offer10-14x12.jpg 14w, https:\/\/asiensupermarket.com\/wp-content\/uploads\/2023\/01\/offer10-430x376.jpg 430w, https:\/\/asiensupermarket.com\/wp-content\/uploads\/2023\/01\/offer10-700x613.jpg 700w, https:\/\/asiensupermarket.com\/wp-content\/uploads\/2023\/01\/offer10-150x131.jpg 150w, https:\/\/asiensupermarket.com\/wp-content\/uploads\/2023\/01\/offer10.jpg 800w\" sizes=\"auto, (max-width: 343px) 100vw, 343px\" \/>\t\t\t\t\t<\/div>\n\n\t\t\t\t\t\t<\/div>\n\t\t\t\t<\/div>\n\t\t\t\t<div class=\"elementor-element elementor-element-4b21478 wd-width-100 elementor-widget elementor-widget-wd_mailchimp\" data-id=\"4b21478\" data-element_type=\"widget\" data-widget_type=\"wd_mailchimp.default\">\n\t\t\t\t<div class=\"elementor-widget-container\">\n\t\t\t\t\t<script>(function() {\n\twindow.mc4wp = window.mc4wp || {\n\t\tlisteners: [],\n\t\tforms: {\n\t\t\ton: function(evt, cb) {\n\t\t\t\twindow.mc4wp.listeners.push(\n\t\t\t\t\t{\n\t\t\t\t\t\tevent   : evt,\n\t\t\t\t\t\tcallback: cb\n\t\t\t\t\t}\n\t\t\t\t);\n\t\t\t}\n\t\t}\n\t}\n})();\n<\/script><!-- Mailchimp for WordPress v4.10.9 - https:\/\/wordpress.org\/plugins\/mailchimp-for-wp\/ --><form id=\"mc4wp-form-1\" class=\"mc4wp-form mc4wp-form-594  color-scheme-light text-center\" method=\"post\" data-id=\"594\" data-name=\"Newsletter form\" action=\"\" ><div class=\"mc4wp-form-fields\"><div class=\"row wd-spacing-10\">\r\n  <p class=\"col\">\r\n    <input type=\"email\" name=\"EMAIL\" placeholder=\"din e-postadress\" required \/>\r\n  <\/p>\r\n  <p class=\"col-auto\">\r\n     <input style=\"background-color: #00AA46; color: #FFFFFF; border-radius: 5px\" type=\"submit\" value=\"Bli Medlem\"\/>\r\n  <\/p>\r\n<\/div><\/div><label style=\"display: none !important;\">L\u00e5t detta f\u00e4lt vara tomt om du \u00e4r m\u00e4nniska: <input type=\"text\" name=\"_mc4wp_honeypot\" value=\"\" tabindex=\"-1\" autocomplete=\"off\" \/><\/label><input type=\"hidden\" name=\"_mc4wp_timestamp\" value=\"1775562148\" \/><input type=\"hidden\" name=\"_mc4wp_form_id\" value=\"594\" \/><input type=\"hidden\" name=\"_mc4wp_form_element_id\" value=\"mc4wp-form-1\" \/><div class=\"mc4wp-response\"><\/div><input type=\"hidden\" name=\"trp-form-language\" value=\"sv\"\/><\/form><!-- \/ Mailchimp for WordPress Plugin -->\t\t\t\t<\/div>\n\t\t\t\t<\/div>\n\t\t\t\t<div class=\"elementor-element elementor-element-605a3a3 color-scheme-light text-center elementor-widget elementor-widget-text-editor\" data-id=\"605a3a3\" data-element_type=\"widget\" data-widget_type=\"text-editor.default\">\n\t\t\t\t<div class=\"elementor-widget-container\">\n\t\t\t\t\t\t\t\t\t<p>By signing up you confirm your agreement to the\u00a0<a class=\"fr-strong\" href=\"https:\/\/asiensupermarket.com\/sv\/terms-and-conditions\/\">Terms<\/a>\u00a0&amp;\u00a0<a class=\"fr-strong\" href=\"https:\/\/asiensupermarket.com\/sv\/privacy-policy\/\">Integritetspolicy<\/a>.<\/p>\t\t\t\t\t\t\t\t<\/div>\n\t\t\t\t<\/div>\n\t\t\t\t\t<\/div>\n\t\t<\/div>\n\t\t\t\t\t<\/div>\n\t\t<\/section>\n\t\t\t\t\t<\/div>\n\t\t<\/div>\n\t\t\t\t\t<\/div>\n\t\t<\/section>\n\t\t\t\t<\/div>","protected":false},"excerpt":{"rendered":"<p>Join Become a member with us Today. Get a 10% Discount on your First Order. Subscribe for the latest updates,<\/p>","protected":false},"author":1,"featured_media":0,"parent":0,"menu_order":0,"comment_status":"closed","ping_status":"closed","template":"","meta":{"_joinchat":[],"footnotes":""},"class_list":["post-12676","page","type-page","status-publish","hentry"],"_links":{"self":[{"href":"https:\/\/asiensupermarket.com\/sv\/wp-json\/wp\/v2\/pages\/12676","targetHints":{"allow":["GET"]}}],"collection":[{"href":"https:\/\/asiensupermarket.com\/sv\/wp-json\/wp\/v2\/pages"}],"about":[{"href":"https:\/\/asiensupermarket.com\/sv\/wp-json\/wp\/v2\/types\/page"}],"author":[{"embeddable":true,"href":"https:\/\/asiensupermarket.com\/sv\/wp-json\/wp\/v2\/users\/1"}],"replies":[{"embeddable":true,"href":"https:\/\/asiensupermarket.com\/sv\/wp-json\/wp\/v2\/comments?post=12676"}],"version-history":[{"count":41,"href":"https:\/\/asiensupermarket.com\/sv\/wp-json\/wp\/v2\/pages\/12676\/revisions"}],"predecessor-version":[{"id":12830,"href":"https:\/\/asiensupermarket.com\/sv\/wp-json\/wp\/v2\/pages\/12676\/revisions\/12830"}],"wp:attachment":[{"href":"https:\/\/asiensupermarket.com\/sv\/wp-json\/wp\/v2\/media?parent=12676"}],"curies":[{"name":"wp","href":"https:\/\/api.w.org\/{rel}","templated":true}]}}